{"id":1411,"date":"2015-02-05T16:34:33","date_gmt":"2015-02-05T15:34:33","guid":{"rendered":"http:\/\/stolan-okna.pl\/?page_id=1411"},"modified":"2021-06-24T20:41:22","modified_gmt":"2021-06-24T18:41:22","slug":"uber-uns","status":"publish","type":"page","link":"https:\/\/stolan-okna.pl\/de\/uber-uns\/","title":{"rendered":"\u00dcber uns"},"content":{"rendered":"<div class=\"fusion-fullwidth fullwidth-box fusion-fullwidth-1  fusion-parallax-none nonhundred-percent-fullwidth\" style=\"border-color:#eae9e9;border-bottom-width: 0px;border-top-width: 0px;border-bottom-style: solid;border-top-style: solid;padding-bottom:20px;padding-top:20px;padding-left:0px;padding-right:0px;\"><style type=\"text\/css\" scoped=\"scoped\">.fusion-fullwidth-1 {\n                            padding-left: 0px !important;\n                            padding-right: 0px !important;\n                        }<\/style><div class=\"fusion-row\"><div class=\"fusion-one-half fusion-layout-column fusion-spacing-yes\" style=\"margin-top:0px;margin-bottom:20px;\"><div class=\"fusion-column-wrapper\"><script type=\"text\/javascript\">jQuery(function() { _initLayerSlider( '#layerslider_23_aug5wer2ts1b', {sliderVersion: '6.11.1', responsiveUnder: 0, layersContainer: 0, slideBGSize: 'auto', hideUnder: 0, hideOver: 100000, pauseOnHover: 1, twoWaySlideshow: true, skin: 'borderlessdark', sliderFadeInDuration: 350, useSrcset: true, skinsPath: 'https:\/\/stolan-okna.pl\/wp-content\/plugins\/LayerSlider\/assets\/static\/layerslider\/skins\/', performanceMode: true}); });<\/script><div id=\"layerslider_23_aug5wer2ts1b\"  class=\"ls-wp-container fitvidsignore ls-selectable\" style=\"width:600px;height:500px;margin:0 auto;margin-bottom: 0px;\"><div class=\"ls-slide\" data-ls=\"duration:5000;transition2d:all;transition3d:all;timeshift:1000;\"><img decoding=\"async\" src=\"http:\/\/stolan-okna.pl\/wp-content\/uploads\/2014\/01\/Berlin24.jpg\" class=\"ls-bg\" alt=\"Slide background\" \/><p style=\"padding-top:20px;padding-right:20px;padding-bottom:20px;padding-left:20px;font-size:40px;line-height:20px;color:#ffffff;top:219px;left:26px;background-color:rgba(0, 0, 0, 0.60);\" class=\"ls-l ls-text-layer\" data-ls=\"scalexin:1.0;scaleyin:1.0;scalexout:1.0;scaleyout:1.0;parallaxlevel:0;\">STOLAN-FENSTER<\/p><p style=\"font-size:20px;color:#ffffff;top:293px;left:29px;\" class=\"ls-l ls-text-layer\" data-ls=\"offsetxin:left;delayin:500;fadein:false;scalexin:1.0;scaleyin:1.0;offsetxout:right;startatout:transitioninend + 3500;fadeout:false;scalexout:1.0;scaleyout:1.0;parallaxlevel:0;\">Die besten Fenster f\u00fcr Sie<\/p><p style=\"font-size:20px;color:#ffffff;top:322px;left:30px;\" class=\"ls-l ls-text-layer\" data-ls=\"offsetxin:left;delayin:1000;fadein:false;scalexin:1.0;scaleyin:1.0;offsetxout:right;startatout:transitioninend + 2500;fadeout:false;scalexout:1.0;scaleyout:1.0;parallaxlevel:0;\">Ihr Haus w\u00fcrde unsere Fenster ausw\u00e4hlen<\/p><\/div><div class=\"ls-slide\" data-ls=\"duration:5000;transition2d:all;transition3d:all;timeshift:1000;\"><img decoding=\"async\" src=\"http:\/\/stolan-okna.pl\/wp-content\/uploads\/2014\/01\/16.jpg\" class=\"ls-bg\" alt=\"Slide background\" \/><p style=\"padding-top:20px;padding-right:20px;padding-bottom:20px;padding-left:20px;font-size:40px;line-height:20px;color:#ffffff;top:17px;left:50%;background-color:rgba(0, 0, 0, 0.60);\" class=\"ls-l ls-text-layer\" data-ls=\"scalexin:1.0;scaleyin:1.0;scalexout:1.0;scaleyout:1.0;parallaxlevel:0;\">STOLAN-OKNA<\/p><p style=\"top:90px;left:150px;background-color:rgba(0, 0, 0, 0.60);width:300px;height:400px;\" class=\"ls-l ls-text-layer\" data-ls=\"scalexin:1.0;scaleyin:1.0;scalexout:1.0;scaleyout:1.0;parallaxlevel:0;\"><\/p><a style=\"\" class=\"ls-l\" href=\"http:\/\/stolan-okna.pl\/oferta\/okna-zespolone\/\" target=\"_self\" data-ls=\"offsetyin:bottom;delayin:500;fadein:false;scalexin:1.0;scaleyin:1.0;offsetyout:bottom;fadeout:false;scalexout:1.0;scaleyout:1.0;parallaxlevel:0;\"><p style=\"font-size:20px;color:#ffffff;top:28%;left:50%;\" class=\"ls-text-layer\">ISO Fenster<\/p><\/a><a style=\"\" class=\"ls-l\" href=\"http:\/\/stolan-okna.pl\/oferta\/okna-zespolone-zabytkowe\/\" target=\"_self\" data-ls=\"offsetyin:bottom;delayin:500;fadein:false;scalexin:1.0;scaleyin:1.0;offsetyout:bottom;fadeout:false;scalexout:1.0;scaleyout:1.0;parallaxlevel:0;\"><p style=\"font-size:20px;color:#ffffff;top:36%;left:50%;\" class=\"ls-text-layer\">ISO Fenster f\u00fcr Denkm\u00e4ler<\/p><\/a><a style=\"\" class=\"ls-l\" href=\"http:\/\/stolan-okna.pl\/oferta\/okna-skrzynkowe\/\" target=\"_self\" data-ls=\"offsetyin:bottom;delayin:500;fadein:false;scalexin:1.0;scaleyin:1.0;offsetyout:bottom;fadeout:false;scalexout:1.0;scaleyout:1.0;parallaxlevel:0;\"><p style=\"font-size:20px;color:#ffffff;top:44%;left:50%;\" class=\"ls-text-layer\">Kastenfenster<\/p><\/a><a style=\"\" class=\"ls-l\" href=\"http:\/\/stolan-okna.pl\/oferta\/okna-krosnowe\/\" target=\"_self\" data-ls=\"offsetyin:bottom;delayin:500;fadein:false;scalexin:1.0;scaleyin:1.0;offsetyout:bottom;fadeout:false;scalexout:1.0;scaleyout:1.0;parallaxlevel:0;\"><p style=\"font-size:20px;color:#ffffff;top:52%;left:50%;\" class=\"ls-text-layer\">Einfachfenster<\/p><\/a><a style=\"\" class=\"ls-l\" href=\"http:\/\/stolan-okna.pl\/oferta\/okna-typu-skandynawskiego\/\" target=\"_self\" data-ls=\"offsetyin:bottom;delayin:500;fadein:false;scalexin:1.0;scaleyin:1.0;offsetyout:bottom;fadeout:false;scalexout:1.0;scaleyout:1.0;parallaxlevel:0;\"><p style=\"font-size:20px;color:#ffffff;top:60%;left:50%;\" class=\"ls-text-layer\">Skandinawische Fenster<\/p><\/a><a style=\"\" class=\"ls-l\" href=\"http:\/\/stolan-okna.pl\/oferta\/okna-angielskie\/\" target=\"_self\" data-ls=\"offsetyin:bottom;delayin:500;fadein:false;scalexin:1.0;scaleyin:1.0;offsetyout:bottom;fadeout:false;scalexout:1.0;scaleyout:1.0;parallaxlevel:0;\"><p style=\"font-size:20px;color:#ffffff;top:68%;left:50%;\" class=\"ls-text-layer\">Englische Fenster<\/p><\/a><a style=\"\" class=\"ls-l\" href=\"http:\/\/stolan-okna.pl\/oferta\/witryny-sklepowe-naswietla\/\" target=\"_self\" data-ls=\"offsetyin:bottom;delayin:500;fadein:false;scalexin:1.0;scaleyin:1.0;offsetyout:bottom;fadeout:false;scalexout:1.0;scaleyout:1.0;parallaxlevel:0;\"><p style=\"font-size:20px;color:#ffffff;top:76%;left:50%;\" class=\"ls-text-layer\">Schaufenster\/Oberlichter<\/p><\/a><a style=\"\" class=\"ls-l\" href=\"http:\/\/stolan-okna.pl\/oferta\/fasady\/\" target=\"_self\" data-ls=\"offsetyin:bottom;delayin:500;fadein:false;scalexin:1.0;scaleyin:1.0;offsetyout:bottom;fadeout:false;scalexout:1.0;scaleyout:1.0;parallaxlevel:0;\"><p style=\"font-size:20px;color:#ffffff;top:84%;left:50%;\" class=\"ls-text-layer\">Fassaden<\/p><\/a><a style=\"\" class=\"ls-l\" href=\"http:\/\/stolan-okna.pl\/oferta\/drzwi\/\" target=\"_self\" data-ls=\"offsetyin:bottom;delayin:500;fadein:false;scalexin:1.0;scaleyin:1.0;offsetyout:bottom;fadeout:false;scalexout:1.0;scaleyout:1.0;parallaxlevel:0;\"><p style=\"font-size:20px;color:#ffffff;top:92%;left:50%;\" class=\"ls-text-layer\">T\u00fcre<\/p><\/a><\/div><div class=\"ls-slide\" data-ls=\"duration:12000;transition2d:all;transition3d:all;timeshift:1000;\"><img decoding=\"async\" src=\"http:\/\/stolan-okna.pl\/wp-content\/uploads\/2014\/01\/Berlin19.jpg\" class=\"ls-bg\" alt=\"Slide background\" \/><p style=\"padding-top:20px;padding-right:60px;padding-bottom:20px;padding-left:20px;font-size:40px;line-height:20px;color:#ffffff;top:40px;left:50%;background-color:rgba(0, 0, 0, 0.60);\" class=\"ls-l ls-text-layer\" data-ls=\"scalexin:1.0;scaleyin:1.0;scalexout:1.0;scaleyout:1.0;parallaxlevel:0;\">WARUM WIR<\/p><p style=\"font-size:100px;color:#ffffff;top:10px;left:459px;\" class=\"ls-l ls-text-layer\" data-ls=\"offsetyin:bottom;durationin:2500;easingin:easeOutElastic;fadein:false;scalexin:1.0;scaleyin:1.0;scalexout:1.0;scaleyout:1.0;parallaxlevel:0;\">?<\/p><p style=\"font-size:30px;color:#ffffff;top:36%;left:50%;\" class=\"ls-l ls-text-layer\" data-ls=\"offsetxin:right;delayin:2000;easingin:easeOutExpo;fadein:false;scalexin:1.0;scaleyin:1.0;offsetxout:left;startatout:transitioninend + 100;easingout:easeInExpo;fadeout:false;scalexout:1.0;scaleyout:1.0;parallaxlevel:0;\">Wir sind Hersteller<\/p><p style=\"font-size:30px;color:#ffffff;top:46%;left:50%;\" class=\"ls-l ls-text-layer\" data-ls=\"offsetxin:right;delayin:4000;easingin:easeOutExpo;fadein:false;scalexin:1.0;scaleyin:1.0;offsetxout:left;startatout:transitioninend + 100;easingout:easeInExpo;fadeout:false;scalexout:1.0;scaleyout:1.0;parallaxlevel:0;\">Langj\u00e4hrige Erfahrung<\/p><p style=\"font-size:30px;color:#ffffff;top:56%;left:50%;\" class=\"ls-l ls-text-layer\" data-ls=\"offsetxin:right;delayin:6000;easingin:easeOutExpo;fadein:false;scalexin:1.0;scaleyin:1.0;offsetxout:left;startatout:transitioninend + 100;easingout:easeInExpo;fadeout:false;scalexout:1.0;scaleyout:1.0;parallaxlevel:0;\">Beliebigkeit von Farben und Formen<\/p><p style=\"font-size:30px;color:#ffffff;top:41%;left:50%;\" class=\"ls-l ls-text-layer\" data-ls=\"offsetxin:right;delayin:8000;easingin:easeOutExpo;fadein:false;scalexin:1.0;scaleyin:1.0;offsetxout:left;startatout:transitioninend + 100;easingout:easeInExpo;fadeout:false;scalexout:1.0;scaleyout:1.0;parallaxlevel:0;\">Hohe Qualit\u00e4t<\/p><p style=\"font-size:30px;color:#ffffff;top:51%;left:50%;\" class=\"ls-l ls-text-layer\" data-ls=\"offsetxin:right;delayin:10000;easingin:easeOutExpo;fadein:false;scalexin:1.0;scaleyin:1.0;offsetxout:left;startatout:transitioninend + 100;easingout:easeInExpo;fadeout:false;scalexout:1.0;scaleyout:1.0;parallaxlevel:0;\">Individuelle Bedienung<\/p><\/div><\/div><div class=\"fusion-clearfix\"><\/div><\/div><\/div><div class=\"fusion-one-half fusion-layout-column fusion-column-last fusion-spacing-yes\" style=\"margin-top:0px;margin-bottom:20px;\"><div class=\"fusion-column-wrapper\"><h2>STOLAN-FENSTER. Hersteller von Holzfenstern und Holzt\u00fcren.<\/h2>\n<p style=\"text-align: justify;\">Unsere Firma wurde im Jahr 1985 gegr\u00fcndet. Seit 1996 besch\u00e4ftigen wir uns mit der Herstellung und mit dem Verkauf der Fenster- und T\u00fcrtischlerei. Die in dieser Zeit gewonnene Erfahrung als auch eine fortgeschrittene Produktionslinie erm\u00f6glicht uns individuelle Bed\u00fcrfnisse jedes Kunden zu realisieren. Im unserem Angebot finden Sie unter anderem Verbundfenster, Kastenfenster, Einfachfenster, Fenster vom polnischen Typ,\u00a0 nach au\u00dfen \u00f6ffnende Fenster \u2013 das so genanntes skandinavisches System, Oberlichter, Schaufenster, Innen- und Au\u00dfent\u00fcren, und auch viele andere Produkte. \u00a0Die Firma Stolan-Okna (Stolan-Fenster) stellt eine vollkommene Beliebtheit dar, wenn es um die Formen und die Farben geht. Moderne Technologie als auch gro\u00dfe\u00a0 F\u00e4higkeiten, die von uns w\u00e4hrend der F\u00fchrung der T\u00e4tigkeit gewonnen wurden, erm\u00f6glicht uns neue Elemente nach dem Muster von alten Elementen zu schaffen. Wir passen uns an jede Anforderungen des Konservators von Denkm\u00e4lern an.\u00a0 Die durch uns garantierte hohe Qualit\u00e4t der Produkte tr\u00e4gt dazu bei, dass unsere Fenster und T\u00fcren die Geb\u00e4ude nicht nur in Polen sondern auch in vielen Europal\u00e4ndern z.B. in Deutschland, D\u00e4nemark, Norwegen, Belgien, Frankreich oder in der Schweiz schm\u00fccken.<\/p>\n<p style=\"text-align: justify;\">Wir hoffen, dass unser <a title=\"Angebot\" href=\"http:\/\/stolan-okna.pl\/angebot\/\">Angebot<\/a> auf Ihr Interesse stie\u00dfen wird. Wir laden Sie auch ein, sich n\u00e4her mit der <a title=\"Galerie\" href=\"http:\/\/stolan-okna.pl\/galerie\/\">Fotogalerie<\/a>\u00a0unserer Erzeugnisse vertraut zu machen.<\/p>\n<div class=\"fusion-clearfix\"><\/div><\/div><\/div><div class=\"fusion-clearfix\"><\/div><\/div><\/div><div class=\"fusion-sep-clear\"><\/div><div class=\"fusion-separator fusion-full-width-sep sep-shadow\" style=\"background:radial-gradient(ellipse at 50% -50% , #e0dede 0px, rgba(255, 255, 255, 0) 80%) repeat scroll 0 0 rgba(0, 0, 0, 0);background:-webkit-radial-gradient(ellipse at 50% -50% , #e0dede 0px, rgba(255, 255, 255, 0) 80%) repeat scroll 0 0 rgba(0, 0, 0, 0);background:-moz-radial-gradient(ellipse at 50% -50% , #e0dede 0px, rgba(255, 255, 255, 0) 80%) repeat scroll 0 0 rgba(0, 0, 0, 0);background:-o-radial-gradient(ellipse at 50% -50% , #e0dede 0px, rgba(255, 255, 255, 0) 80%) repeat scroll 0 0 rgba(0, 0, 0, 0);margin-left: auto;margin-right: auto;margin-top:40px;margin-bottom:40px;\"><\/div>\n","protected":false},"excerpt":{"rendered":"","protected":false},"author":1,"featured_media":0,"parent":0,"menu_order":0,"comment_status":"closed","ping_status":"closed","template":"","meta":{"footnotes":""},"class_list":["post-1411","page","type-page","status-publish","hentry"],"yoast_head":"<!-- This site is optimized with the Yoast SEO plugin v26.6 - https:\/\/yoast.com\/wordpress\/plugins\/seo\/ -->\n<title>\u00dcber uns - Stolan<\/title>\n<meta name=\"description\" content=\"Informacje na temat Producenta okien i drzwi drewnianych w Szczecinie. Stolan okna tu kupisz okna zespolone, skrzynkowe, zabytkowe, drzwi drewniane.\" \/>\n<meta name=\"robots\" content=\"index, follow, max-snippet:-1, max-image-preview:large, max-video-preview:-1\" \/>\n<link rel=\"canonical\" href=\"https:\/\/stolan-okna.pl\/o-nas\/\" \/>\n<meta property=\"og:locale\" content=\"de_DE\" \/>\n<meta property=\"og:type\" content=\"article\" \/>\n<meta property=\"og:title\" content=\"\u00dcber uns - Stolan\" \/>\n<meta property=\"og:description\" content=\"Informacje na temat Producenta okien i drzwi drewnianych w Szczecinie. Stolan okna tu kupisz okna zespolone, skrzynkowe, zabytkowe, drzwi drewniane.\" \/>\n<meta property=\"og:url\" content=\"https:\/\/stolan-okna.pl\/o-nas\/\" \/>\n<meta property=\"og:site_name\" content=\"Stolan\" \/>\n<meta property=\"article:modified_time\" content=\"2021-06-24T18:41:22+00:00\" \/>\n<meta name=\"twitter:label1\" content=\"Est. reading time\" \/>\n\t<meta name=\"twitter:data1\" content=\"2 minutes\" \/>\n<script type=\"application\/ld+json\" class=\"yoast-schema-graph\">{\"@context\":\"https:\/\/schema.org\",\"@graph\":[{\"@type\":\"WebPage\",\"@id\":\"https:\/\/stolan-okna.pl\/o-nas\/\",\"url\":\"https:\/\/stolan-okna.pl\/o-nas\/\",\"name\":\"\u00dcber uns - Stolan\",\"isPartOf\":{\"@id\":\"https:\/\/stolan-okna.pl\/#website\"},\"datePublished\":\"2015-02-05T15:34:33+00:00\",\"dateModified\":\"2021-06-24T18:41:22+00:00\",\"description\":\"Informacje na temat Producenta okien i drzwi drewnianych w Szczecinie. Stolan okna tu kupisz okna zespolone, skrzynkowe, zabytkowe, drzwi drewniane.\",\"inLanguage\":\"de-DE\",\"potentialAction\":[{\"@type\":\"ReadAction\",\"target\":[\"https:\/\/stolan-okna.pl\/o-nas\/\"]}]},{\"@type\":\"WebSite\",\"@id\":\"https:\/\/stolan-okna.pl\/#website\",\"url\":\"https:\/\/stolan-okna.pl\/\",\"name\":\"Stolan\",\"description\":\"Kolejna witryna oparta na WordPressie\",\"publisher\":{\"@id\":\"https:\/\/stolan-okna.pl\/#organization\"},\"potentialAction\":[{\"@type\":\"SearchAction\",\"target\":{\"@type\":\"EntryPoint\",\"urlTemplate\":\"https:\/\/stolan-okna.pl\/?s={search_term_string}\"},\"query-input\":{\"@type\":\"PropertyValueSpecification\",\"valueRequired\":true,\"valueName\":\"search_term_string\"}}],\"inLanguage\":\"de-DE\"},{\"@type\":\"Organization\",\"@id\":\"https:\/\/stolan-okna.pl\/#organization\",\"name\":\"Stolan OKNA\",\"url\":\"https:\/\/stolan-okna.pl\/\",\"logo\":{\"@type\":\"ImageObject\",\"inLanguage\":\"de-DE\",\"@id\":\"https:\/\/stolan-okna.pl\/#\/schema\/logo\/image\/\",\"url\":\"http:\/\/stolan-okna.pl\/wp-content\/uploads\/2014\/01\/Logo_STOLAN.png\",\"contentUrl\":\"http:\/\/stolan-okna.pl\/wp-content\/uploads\/2014\/01\/Logo_STOLAN.png\",\"width\":882,\"height\":180,\"caption\":\"Stolan OKNA\"},\"image\":{\"@id\":\"https:\/\/stolan-okna.pl\/#\/schema\/logo\/image\/\"}}]}<\/script>\n<!-- \/ Yoast SEO plugin. -->","yoast_head_json":{"title":"\u00dcber uns - Stolan","description":"Informacje na temat Producenta okien i drzwi drewnianych w Szczecinie. Stolan okna tu kupisz okna zespolone, skrzynkowe, zabytkowe, drzwi drewniane.","robots":{"index":"index","follow":"follow","max-snippet":"max-snippet:-1","max-image-preview":"max-image-preview:large","max-video-preview":"max-video-preview:-1"},"canonical":"https:\/\/stolan-okna.pl\/o-nas\/","og_locale":"de_DE","og_type":"article","og_title":"\u00dcber uns - Stolan","og_description":"Informacje na temat Producenta okien i drzwi drewnianych w Szczecinie. Stolan okna tu kupisz okna zespolone, skrzynkowe, zabytkowe, drzwi drewniane.","og_url":"https:\/\/stolan-okna.pl\/o-nas\/","og_site_name":"Stolan","article_modified_time":"2021-06-24T18:41:22+00:00","twitter_misc":{"Est. reading time":"2 minutes"},"schema":{"@context":"https:\/\/schema.org","@graph":[{"@type":"WebPage","@id":"https:\/\/stolan-okna.pl\/o-nas\/","url":"https:\/\/stolan-okna.pl\/o-nas\/","name":"\u00dcber uns - Stolan","isPartOf":{"@id":"https:\/\/stolan-okna.pl\/#website"},"datePublished":"2015-02-05T15:34:33+00:00","dateModified":"2021-06-24T18:41:22+00:00","description":"Informacje na temat Producenta okien i drzwi drewnianych w Szczecinie. Stolan okna tu kupisz okna zespolone, skrzynkowe, zabytkowe, drzwi drewniane.","inLanguage":"de-DE","potentialAction":[{"@type":"ReadAction","target":["https:\/\/stolan-okna.pl\/o-nas\/"]}]},{"@type":"WebSite","@id":"https:\/\/stolan-okna.pl\/#website","url":"https:\/\/stolan-okna.pl\/","name":"Stolan","description":"Kolejna witryna oparta na WordPressie","publisher":{"@id":"https:\/\/stolan-okna.pl\/#organization"},"potentialAction":[{"@type":"SearchAction","target":{"@type":"EntryPoint","urlTemplate":"https:\/\/stolan-okna.pl\/?s={search_term_string}"},"query-input":{"@type":"PropertyValueSpecification","valueRequired":true,"valueName":"search_term_string"}}],"inLanguage":"de-DE"},{"@type":"Organization","@id":"https:\/\/stolan-okna.pl\/#organization","name":"Stolan OKNA","url":"https:\/\/stolan-okna.pl\/","logo":{"@type":"ImageObject","inLanguage":"de-DE","@id":"https:\/\/stolan-okna.pl\/#\/schema\/logo\/image\/","url":"http:\/\/stolan-okna.pl\/wp-content\/uploads\/2014\/01\/Logo_STOLAN.png","contentUrl":"http:\/\/stolan-okna.pl\/wp-content\/uploads\/2014\/01\/Logo_STOLAN.png","width":882,"height":180,"caption":"Stolan OKNA"},"image":{"@id":"https:\/\/stolan-okna.pl\/#\/schema\/logo\/image\/"}}]}},"_links":{"self":[{"href":"https:\/\/stolan-okna.pl\/de\/wp-json\/wp\/v2\/pages\/1411","targetHints":{"allow":["GET"]}}],"collection":[{"href":"https:\/\/stolan-okna.pl\/de\/wp-json\/wp\/v2\/pages"}],"about":[{"href":"https:\/\/stolan-okna.pl\/de\/wp-json\/wp\/v2\/types\/page"}],"author":[{"embeddable":true,"href":"https:\/\/stolan-okna.pl\/de\/wp-json\/wp\/v2\/users\/1"}],"replies":[{"embeddable":true,"href":"https:\/\/stolan-okna.pl\/de\/wp-json\/wp\/v2\/comments?post=1411"}],"version-history":[{"count":0,"href":"https:\/\/stolan-okna.pl\/de\/wp-json\/wp\/v2\/pages\/1411\/revisions"}],"wp:attachment":[{"href":"https:\/\/stolan-okna.pl\/de\/wp-json\/wp\/v2\/media?parent=1411"}],"curies":[{"name":"wp","href":"https:\/\/api.w.org\/{rel}","templated":true}]}}