{"id":1430,"date":"2015-02-06T09:35:15","date_gmt":"2015-02-06T08:35:15","guid":{"rendered":"http:\/\/stolan-okna.pl\/?page_id=1430"},"modified":"2021-06-24T20:45:14","modified_gmt":"2021-06-24T18:45:14","slug":"kontakt-2","status":"publish","type":"page","link":"https:\/\/stolan-okna.pl\/de\/kontakt-2\/","title":{"rendered":"Kontakt"},"content":{"rendered":"<div class=\"fusion-title title fusion-title-size-three\"><h3 class=\"title-heading-left\">WIR LADEN ZUM KONTAKT EIN<\/h3><div class=\"title-sep-container\"><div class=\"title-sep sep-single\"><\/div><\/div><\/div><p style=\"text-align: justify;\">Um zus\u00e4tzliche Informationen zum Thema der durch uns angebotenen Produkte zu erfahren, setzten Sie sich mit uns per Telefon oder E-Mail.<\/p>\n\n","protected":false},"excerpt":{"rendered":"","protected":false},"author":1,"featured_media":0,"parent":0,"menu_order":0,"comment_status":"closed","ping_status":"closed","template":"","meta":{"footnotes":""},"class_list":["post-1430","page","type-page","status-publish","hentry"],"yoast_head":"<!-- This site is optimized with the Yoast SEO plugin v26.6 - https:\/\/yoast.com\/wordpress\/plugins\/seo\/ -->\n<title>Kontakt - Stolan<\/title>\n<meta name=\"description\" content=\"Kontakt do firmy Stolan okna. Zadzwo\u0144 i um\u00f3w si\u0119 na spotkanie! Masz pytania? Zadzwo\u0144 lub napisz - +48 91 45 26 339, biuro@stolan-okna.pl\" \/>\n<meta name=\"robots\" content=\"index, follow, max-snippet:-1, max-image-preview:large, max-video-preview:-1\" \/>\n<link rel=\"canonical\" href=\"https:\/\/stolan-okna.pl\/kontakt\/\" \/>\n<meta property=\"og:locale\" content=\"de_DE\" \/>\n<meta property=\"og:type\" content=\"article\" \/>\n<meta property=\"og:title\" content=\"Kontakt - Stolan\" \/>\n<meta property=\"og:description\" content=\"Kontakt do firmy Stolan okna. Zadzwo\u0144 i um\u00f3w si\u0119 na spotkanie! Masz pytania? Zadzwo\u0144 lub napisz - +48 91 45 26 339, biuro@stolan-okna.pl\" \/>\n<meta property=\"og:url\" content=\"https:\/\/stolan-okna.pl\/kontakt\/\" \/>\n<meta property=\"og:site_name\" content=\"Stolan\" \/>\n<meta property=\"article:modified_time\" content=\"2021-06-24T18:45:14+00:00\" \/>\n<meta name=\"twitter:label1\" content=\"Est. reading time\" \/>\n\t<meta name=\"twitter:data1\" content=\"1 minute\" \/>\n<script type=\"application\/ld+json\" class=\"yoast-schema-graph\">{\"@context\":\"https:\/\/schema.org\",\"@graph\":[{\"@type\":\"WebPage\",\"@id\":\"https:\/\/stolan-okna.pl\/kontakt\/\",\"url\":\"https:\/\/stolan-okna.pl\/kontakt\/\",\"name\":\"Kontakt - Stolan\",\"isPartOf\":{\"@id\":\"https:\/\/stolan-okna.pl\/#website\"},\"datePublished\":\"2015-02-06T08:35:15+00:00\",\"dateModified\":\"2021-06-24T18:45:14+00:00\",\"description\":\"Kontakt do firmy Stolan okna. Zadzwo\u0144 i um\u00f3w si\u0119 na spotkanie! Masz pytania? Zadzwo\u0144 lub napisz - +48 91 45 26 339, biuro@stolan-okna.pl\",\"inLanguage\":\"de-DE\",\"potentialAction\":[{\"@type\":\"ReadAction\",\"target\":[\"https:\/\/stolan-okna.pl\/kontakt\/\"]}]},{\"@type\":\"WebSite\",\"@id\":\"https:\/\/stolan-okna.pl\/#website\",\"url\":\"https:\/\/stolan-okna.pl\/\",\"name\":\"Stolan\",\"description\":\"Kolejna witryna oparta na WordPressie\",\"publisher\":{\"@id\":\"https:\/\/stolan-okna.pl\/#organization\"},\"potentialAction\":[{\"@type\":\"SearchAction\",\"target\":{\"@type\":\"EntryPoint\",\"urlTemplate\":\"https:\/\/stolan-okna.pl\/?s={search_term_string}\"},\"query-input\":{\"@type\":\"PropertyValueSpecification\",\"valueRequired\":true,\"valueName\":\"search_term_string\"}}],\"inLanguage\":\"de-DE\"},{\"@type\":\"Organization\",\"@id\":\"https:\/\/stolan-okna.pl\/#organization\",\"name\":\"Stolan OKNA\",\"url\":\"https:\/\/stolan-okna.pl\/\",\"logo\":{\"@type\":\"ImageObject\",\"inLanguage\":\"de-DE\",\"@id\":\"https:\/\/stolan-okna.pl\/#\/schema\/logo\/image\/\",\"url\":\"http:\/\/stolan-okna.pl\/wp-content\/uploads\/2014\/01\/Logo_STOLAN.png\",\"contentUrl\":\"http:\/\/stolan-okna.pl\/wp-content\/uploads\/2014\/01\/Logo_STOLAN.png\",\"width\":882,\"height\":180,\"caption\":\"Stolan OKNA\"},\"image\":{\"@id\":\"https:\/\/stolan-okna.pl\/#\/schema\/logo\/image\/\"}}]}<\/script>\n<!-- \/ Yoast SEO plugin. -->","yoast_head_json":{"title":"Kontakt - Stolan","description":"Kontakt do firmy Stolan okna. Zadzwo\u0144 i um\u00f3w si\u0119 na spotkanie! Masz pytania? Zadzwo\u0144 lub napisz - +48 91 45 26 339, biuro@stolan-okna.pl","robots":{"index":"index","follow":"follow","max-snippet":"max-snippet:-1","max-image-preview":"max-image-preview:large","max-video-preview":"max-video-preview:-1"},"canonical":"https:\/\/stolan-okna.pl\/kontakt\/","og_locale":"de_DE","og_type":"article","og_title":"Kontakt - Stolan","og_description":"Kontakt do firmy Stolan okna. Zadzwo\u0144 i um\u00f3w si\u0119 na spotkanie! Masz pytania? Zadzwo\u0144 lub napisz - +48 91 45 26 339, biuro@stolan-okna.pl","og_url":"https:\/\/stolan-okna.pl\/kontakt\/","og_site_name":"Stolan","article_modified_time":"2021-06-24T18:45:14+00:00","twitter_misc":{"Est. reading time":"1 minute"},"schema":{"@context":"https:\/\/schema.org","@graph":[{"@type":"WebPage","@id":"https:\/\/stolan-okna.pl\/kontakt\/","url":"https:\/\/stolan-okna.pl\/kontakt\/","name":"Kontakt - Stolan","isPartOf":{"@id":"https:\/\/stolan-okna.pl\/#website"},"datePublished":"2015-02-06T08:35:15+00:00","dateModified":"2021-06-24T18:45:14+00:00","description":"Kontakt do firmy Stolan okna. Zadzwo\u0144 i um\u00f3w si\u0119 na spotkanie! Masz pytania? Zadzwo\u0144 lub napisz - +48 91 45 26 339, biuro@stolan-okna.pl","inLanguage":"de-DE","potentialAction":[{"@type":"ReadAction","target":["https:\/\/stolan-okna.pl\/kontakt\/"]}]},{"@type":"WebSite","@id":"https:\/\/stolan-okna.pl\/#website","url":"https:\/\/stolan-okna.pl\/","name":"Stolan","description":"Kolejna witryna oparta na WordPressie","publisher":{"@id":"https:\/\/stolan-okna.pl\/#organization"},"potentialAction":[{"@type":"SearchAction","target":{"@type":"EntryPoint","urlTemplate":"https:\/\/stolan-okna.pl\/?s={search_term_string}"},"query-input":{"@type":"PropertyValueSpecification","valueRequired":true,"valueName":"search_term_string"}}],"inLanguage":"de-DE"},{"@type":"Organization","@id":"https:\/\/stolan-okna.pl\/#organization","name":"Stolan OKNA","url":"https:\/\/stolan-okna.pl\/","logo":{"@type":"ImageObject","inLanguage":"de-DE","@id":"https:\/\/stolan-okna.pl\/#\/schema\/logo\/image\/","url":"http:\/\/stolan-okna.pl\/wp-content\/uploads\/2014\/01\/Logo_STOLAN.png","contentUrl":"http:\/\/stolan-okna.pl\/wp-content\/uploads\/2014\/01\/Logo_STOLAN.png","width":882,"height":180,"caption":"Stolan OKNA"},"image":{"@id":"https:\/\/stolan-okna.pl\/#\/schema\/logo\/image\/"}}]}},"_links":{"self":[{"href":"https:\/\/stolan-okna.pl\/de\/wp-json\/wp\/v2\/pages\/1430","targetHints":{"allow":["GET"]}}],"collection":[{"href":"https:\/\/stolan-okna.pl\/de\/wp-json\/wp\/v2\/pages"}],"about":[{"href":"https:\/\/stolan-okna.pl\/de\/wp-json\/wp\/v2\/types\/page"}],"author":[{"embeddable":true,"href":"https:\/\/stolan-okna.pl\/de\/wp-json\/wp\/v2\/users\/1"}],"replies":[{"embeddable":true,"href":"https:\/\/stolan-okna.pl\/de\/wp-json\/wp\/v2\/comments?post=1430"}],"version-history":[{"count":0,"href":"https:\/\/stolan-okna.pl\/de\/wp-json\/wp\/v2\/pages\/1430\/revisions"}],"wp:attachment":[{"href":"https:\/\/stolan-okna.pl\/de\/wp-json\/wp\/v2\/media?parent=1430"}],"curies":[{"name":"wp","href":"https:\/\/api.w.org\/{rel}","templated":true}]}}