{"id":1434,"date":"2015-02-06T09:39:56","date_gmt":"2015-02-06T08:39:56","guid":{"rendered":"http:\/\/stolan-okna.pl\/?page_id=1434"},"modified":"2021-06-24T20:41:15","modified_gmt":"2021-06-24T18:41:15","slug":"start-2","status":"publish","type":"page","link":"https:\/\/stolan-okna.pl\/de\/","title":{"rendered":"Start"},"content":{"rendered":"<div class=\"fusion-fullwidth fullwidth-box fusion-fullwidth-1  fusion-parallax-none nonhundred-percent-fullwidth\" style=\"border-color:#eae9e9;border-bottom-width: 0px;border-top-width: 0px;border-bottom-style: solid;border-top-style: solid;padding-bottom:20px;padding-top:20px;padding-left:120px;padding-right:0px;\"><style type=\"text\/css\" scoped=\"scoped\">.fusion-fullwidth-1 {\n                            padding-left: 120px !important;\n                            padding-right: 0px !important;\n                        }<\/style><div class=\"fusion-row\"><div class=\"fusion-one-third fusion-layout-column fusion-spacing-yes\" style=\"margin-top:0px;margin-bottom:20px;\"><div class=\"fusion-column-wrapper\"><i class=\"fa fontawesome-icon fa-home circle-yes fusion-animated\" style=\"border-color:#67b7e1;background-color:#67b7e1;font-size:35.2px;line-height:70.4px;height:70.4px;width:70.4px;margin-right:20px;\" data-animationType=\"bounce\" data-animationDuration=\"0.1\" data-animationOffset=\"100%\"><\/i><h2><a title=\"\u00dcber uns\" href=\"http:\/\/stolan-okna.pl\/uber-uns\/\">\u00dcBER DIE FIRMA<\/a><\/h2>\n<div class=\"fusion-clearfix\"><\/div><\/div><\/div><div class=\"fusion-one-third fusion-layout-column fusion-spacing-yes\" style=\"margin-top:0px;margin-bottom:20px;\"><div class=\"fusion-column-wrapper\"><i class=\"fa fontawesome-icon fa-briefcase circle-yes fusion-animated\" style=\"border-color:#67b7e1;background-color:#67b7e1;font-size:35.2px;line-height:70.4px;height:70.4px;width:70.4px;margin-right:20px;\" data-animationType=\"bounce\" data-animationDuration=\"0.1\" data-animationOffset=\"100%\"><\/i><h2 style=\"text-align: justify;\"><a title=\"Angebot\" href=\"http:\/\/stolan-okna.pl\/angebot\/\">ANGEBOT<\/a><\/h2>\n<div class=\"fusion-clearfix\"><\/div><\/div><\/div><div class=\"fusion-one-third fusion-layout-column fusion-column-last fusion-spacing-yes\" style=\"margin-top:0px;margin-bottom:20px;\"><div class=\"fusion-column-wrapper\"><i class=\"fa fontawesome-icon fa-phone circle-yes fusion-animated\" style=\"border-color:#67b7e1;background-color:#67b7e1;font-size:35.2px;line-height:70.4px;height:70.4px;width:70.4px;margin-right:20px;\" data-animationType=\"bounce\" data-animationDuration=\"0.1\" data-animationOffset=\"100%\"><\/i><h2 style=\"text-align: justify;\"><a title=\"Kontakt\" href=\"http:\/\/stolan-okna.pl\/kontakt-2\/\">KONTAKT<\/a><\/h2>\n<div class=\"fusion-clearfix\"><\/div><\/div><\/div><div class=\"fusion-clearfix\"><\/div><\/div><\/div><div class=\"fusion-sep-clear\"><\/div><div class=\"fusion-separator fusion-full-width-sep sep-shadow\" style=\"background:radial-gradient(ellipse at 50% -50% , #e0dede 0px, rgba(255, 255, 255, 0) 80%) repeat scroll 0 0 rgba(0, 0, 0, 0);background:-webkit-radial-gradient(ellipse at 50% -50% , #e0dede 0px, rgba(255, 255, 255, 0) 80%) repeat scroll 0 0 rgba(0, 0, 0, 0);background:-moz-radial-gradient(ellipse at 50% -50% , #e0dede 0px, rgba(255, 255, 255, 0) 80%) repeat scroll 0 0 rgba(0, 0, 0, 0);background:-o-radial-gradient(ellipse at 50% -50% , #e0dede 0px, rgba(255, 255, 255, 0) 80%) repeat scroll 0 0 rgba(0, 0, 0, 0);margin-left: auto;margin-right: auto;margin-top:20px;margin-bottom:20px;\"><\/div>\n","protected":false},"excerpt":{"rendered":"","protected":false},"author":1,"featured_media":0,"parent":0,"menu_order":0,"comment_status":"closed","ping_status":"closed","template":"100-width.php","meta":{"footnotes":""},"class_list":["post-1434","page","type-page","status-publish","hentry"],"yoast_head":"<!-- This site is optimized with the Yoast SEO plugin v26.6 - https:\/\/yoast.com\/wordpress\/plugins\/seo\/ -->\n<title>Producent okien ze Szczecina - Stolan Okna Sp. z o.o.<\/title>\n<meta name=\"description\" content=\"Okna drewniane wykonane w firmie Stolan Okna ze Szczecina - ich zalety i dlaczego warto zamontowa\u0107 je w swoim domu. Poznaj bogat\u0105 ofert\u0119 produkt\u00f3w!\" \/>\n<meta name=\"robots\" content=\"index, follow, max-snippet:-1, max-image-preview:large, max-video-preview:-1\" \/>\n<link rel=\"canonical\" href=\"https:\/\/stolan-okna.pl\/\" \/>\n<meta property=\"og:locale\" content=\"de_DE\" \/>\n<meta property=\"og:type\" content=\"article\" \/>\n<meta property=\"og:title\" content=\"Producent okien ze Szczecina - Stolan Okna Sp. z o.o.\" \/>\n<meta property=\"og:description\" content=\"Okna drewniane wykonane w firmie Stolan Okna ze Szczecina - ich zalety i dlaczego warto zamontowa\u0107 je w swoim domu. Poznaj bogat\u0105 ofert\u0119 produkt\u00f3w!\" \/>\n<meta property=\"og:url\" content=\"https:\/\/stolan-okna.pl\/\" \/>\n<meta property=\"og:site_name\" content=\"Stolan\" \/>\n<meta property=\"article:modified_time\" content=\"2021-06-24T18:41:15+00:00\" \/>\n<meta name=\"twitter:label1\" content=\"Est. reading time\" \/>\n\t<meta name=\"twitter:data1\" content=\"1 minute\" \/>\n<script type=\"application\/ld+json\" class=\"yoast-schema-graph\">{\"@context\":\"https:\/\/schema.org\",\"@graph\":[{\"@type\":\"WebPage\",\"@id\":\"https:\/\/stolan-okna.pl\/\",\"url\":\"https:\/\/stolan-okna.pl\/\",\"name\":\"Producent okien ze Szczecina - Stolan Okna Sp. z o.o.\",\"isPartOf\":{\"@id\":\"https:\/\/stolan-okna.pl\/#website\"},\"datePublished\":\"2015-02-06T08:39:56+00:00\",\"dateModified\":\"2021-06-24T18:41:15+00:00\",\"description\":\"Okna drewniane wykonane w firmie Stolan Okna ze Szczecina - ich zalety i dlaczego warto zamontowa\u0107 je w swoim domu. Poznaj bogat\u0105 ofert\u0119 produkt\u00f3w!\",\"inLanguage\":\"de-DE\",\"potentialAction\":[{\"@type\":\"ReadAction\",\"target\":[\"https:\/\/stolan-okna.pl\/\"]}]},{\"@type\":\"WebSite\",\"@id\":\"https:\/\/stolan-okna.pl\/#website\",\"url\":\"https:\/\/stolan-okna.pl\/\",\"name\":\"Stolan\",\"description\":\"Kolejna witryna oparta na WordPressie\",\"publisher\":{\"@id\":\"https:\/\/stolan-okna.pl\/#organization\"},\"potentialAction\":[{\"@type\":\"SearchAction\",\"target\":{\"@type\":\"EntryPoint\",\"urlTemplate\":\"https:\/\/stolan-okna.pl\/?s={search_term_string}\"},\"query-input\":{\"@type\":\"PropertyValueSpecification\",\"valueRequired\":true,\"valueName\":\"search_term_string\"}}],\"inLanguage\":\"de-DE\"},{\"@type\":\"Organization\",\"@id\":\"https:\/\/stolan-okna.pl\/#organization\",\"name\":\"Stolan OKNA\",\"url\":\"https:\/\/stolan-okna.pl\/\",\"logo\":{\"@type\":\"ImageObject\",\"inLanguage\":\"de-DE\",\"@id\":\"https:\/\/stolan-okna.pl\/#\/schema\/logo\/image\/\",\"url\":\"http:\/\/stolan-okna.pl\/wp-content\/uploads\/2014\/01\/Logo_STOLAN.png\",\"contentUrl\":\"http:\/\/stolan-okna.pl\/wp-content\/uploads\/2014\/01\/Logo_STOLAN.png\",\"width\":882,\"height\":180,\"caption\":\"Stolan OKNA\"},\"image\":{\"@id\":\"https:\/\/stolan-okna.pl\/#\/schema\/logo\/image\/\"}}]}<\/script>\n<!-- \/ Yoast SEO plugin. -->","yoast_head_json":{"title":"Producent okien ze Szczecina - Stolan Okna Sp. z o.o.","description":"Okna drewniane wykonane w firmie Stolan Okna ze Szczecina - ich zalety i dlaczego warto zamontowa\u0107 je w swoim domu. Poznaj bogat\u0105 ofert\u0119 produkt\u00f3w!","robots":{"index":"index","follow":"follow","max-snippet":"max-snippet:-1","max-image-preview":"max-image-preview:large","max-video-preview":"max-video-preview:-1"},"canonical":"https:\/\/stolan-okna.pl\/","og_locale":"de_DE","og_type":"article","og_title":"Producent okien ze Szczecina - Stolan Okna Sp. z o.o.","og_description":"Okna drewniane wykonane w firmie Stolan Okna ze Szczecina - ich zalety i dlaczego warto zamontowa\u0107 je w swoim domu. Poznaj bogat\u0105 ofert\u0119 produkt\u00f3w!","og_url":"https:\/\/stolan-okna.pl\/","og_site_name":"Stolan","article_modified_time":"2021-06-24T18:41:15+00:00","twitter_misc":{"Est. reading time":"1 minute"},"schema":{"@context":"https:\/\/schema.org","@graph":[{"@type":"WebPage","@id":"https:\/\/stolan-okna.pl\/","url":"https:\/\/stolan-okna.pl\/","name":"Producent okien ze Szczecina - Stolan Okna Sp. z o.o.","isPartOf":{"@id":"https:\/\/stolan-okna.pl\/#website"},"datePublished":"2015-02-06T08:39:56+00:00","dateModified":"2021-06-24T18:41:15+00:00","description":"Okna drewniane wykonane w firmie Stolan Okna ze Szczecina - ich zalety i dlaczego warto zamontowa\u0107 je w swoim domu. Poznaj bogat\u0105 ofert\u0119 produkt\u00f3w!","inLanguage":"de-DE","potentialAction":[{"@type":"ReadAction","target":["https:\/\/stolan-okna.pl\/"]}]},{"@type":"WebSite","@id":"https:\/\/stolan-okna.pl\/#website","url":"https:\/\/stolan-okna.pl\/","name":"Stolan","description":"Kolejna witryna oparta na WordPressie","publisher":{"@id":"https:\/\/stolan-okna.pl\/#organization"},"potentialAction":[{"@type":"SearchAction","target":{"@type":"EntryPoint","urlTemplate":"https:\/\/stolan-okna.pl\/?s={search_term_string}"},"query-input":{"@type":"PropertyValueSpecification","valueRequired":true,"valueName":"search_term_string"}}],"inLanguage":"de-DE"},{"@type":"Organization","@id":"https:\/\/stolan-okna.pl\/#organization","name":"Stolan OKNA","url":"https:\/\/stolan-okna.pl\/","logo":{"@type":"ImageObject","inLanguage":"de-DE","@id":"https:\/\/stolan-okna.pl\/#\/schema\/logo\/image\/","url":"http:\/\/stolan-okna.pl\/wp-content\/uploads\/2014\/01\/Logo_STOLAN.png","contentUrl":"http:\/\/stolan-okna.pl\/wp-content\/uploads\/2014\/01\/Logo_STOLAN.png","width":882,"height":180,"caption":"Stolan OKNA"},"image":{"@id":"https:\/\/stolan-okna.pl\/#\/schema\/logo\/image\/"}}]}},"_links":{"self":[{"href":"https:\/\/stolan-okna.pl\/de\/wp-json\/wp\/v2\/pages\/1434","targetHints":{"allow":["GET"]}}],"collection":[{"href":"https:\/\/stolan-okna.pl\/de\/wp-json\/wp\/v2\/pages"}],"about":[{"href":"https:\/\/stolan-okna.pl\/de\/wp-json\/wp\/v2\/types\/page"}],"author":[{"embeddable":true,"href":"https:\/\/stolan-okna.pl\/de\/wp-json\/wp\/v2\/users\/1"}],"replies":[{"embeddable":true,"href":"https:\/\/stolan-okna.pl\/de\/wp-json\/wp\/v2\/comments?post=1434"}],"version-history":[{"count":0,"href":"https:\/\/stolan-okna.pl\/de\/wp-json\/wp\/v2\/pages\/1434\/revisions"}],"wp:attachment":[{"href":"https:\/\/stolan-okna.pl\/de\/wp-json\/wp\/v2\/media?parent=1434"}],"curies":[{"name":"wp","href":"https:\/\/api.w.org\/{rel}","templated":true}]}}