{"id":1449,"date":"2015-02-06T10:13:55","date_gmt":"2015-02-06T09:13:55","guid":{"rendered":"http:\/\/stolan-okna.pl\/?page_id=1449"},"modified":"2021-06-24T20:41:30","modified_gmt":"2021-06-24T18:41:30","slug":"zusammenarbeit","status":"publish","type":"page","link":"https:\/\/stolan-okna.pl\/de\/zusammenarbeit\/","title":{"rendered":"Zusammenarbeit"},"content":{"rendered":"<div class=\"fusion-fullwidth fullwidth-box fusion-fullwidth-1  fusion-parallax-none nonhundred-percent-fullwidth\" style=\"border-color:#eae9e9;border-bottom-width: 0px;border-top-width: 0px;border-bottom-style: solid;border-top-style: solid;padding-bottom:20px;padding-top:20px;padding-left:0px;padding-right:0px;\"><style type=\"text\/css\" scoped=\"scoped\">.fusion-fullwidth-1 {\n                            padding-left: 0px !important;\n                            padding-right: 0px !important;\n                        }<\/style><div class=\"fusion-row\"><p style=\"text-align: justify;\">Wir laden herzlich zur Zusammenarbeit die Renovierungs- und Baufirmen und die Firmen, die sich mit der Renovierung und Konservierung der historischen Denkm\u00e4ler besch\u00e4ftigen, Handelsb\u00fcros, die unsere Produkte verkaufen m\u00f6chten, Monteurmannschaften, Projektb\u00fcros, Architekten und Bauunternehmer ein! Wir garantieren g\u00fcnstige Handelsbedingungen.<\/p>\n<div class=\"fusion-sep-clear\"><\/div><div class=\"fusion-separator fusion-full-width-sep sep-shadow\" style=\"background:radial-gradient(ellipse at 50% -50% , #e0dede 0px, rgba(255, 255, 255, 0) 80%) repeat scroll 0 0 rgba(0, 0, 0, 0);background:-webkit-radial-gradient(ellipse at 50% -50% , #e0dede 0px, rgba(255, 255, 255, 0) 80%) repeat scroll 0 0 rgba(0, 0, 0, 0);background:-moz-radial-gradient(ellipse at 50% -50% , #e0dede 0px, rgba(255, 255, 255, 0) 80%) repeat scroll 0 0 rgba(0, 0, 0, 0);background:-o-radial-gradient(ellipse at 50% -50% , #e0dede 0px, rgba(255, 255, 255, 0) 80%) repeat scroll 0 0 rgba(0, 0, 0, 0);margin-left: auto;margin-right: auto;margin-top:40px;margin-bottom:40px;\"><\/div><h3 style=\"text-align: center;\">UNSERE PARTNER<\/h3>\n<p><code><ul class=\"kiwi-logo-carousel kiwi-logo-carousel-partner grayhovercolor align-center col4\"><li style=\"height:150px;\"><a target=\"_blank\" href=\"http:\/\/wurth.pl\"><div class=\"helper\" style=\"height:150px; width:940px;\" ><img decoding=\"async\" src=\"https:\/\/stolan-okna.pl\/wp-content\/uploads\/2014\/02\/wurth-logo-s.jpg\" alt=\"Wurth\" title=\"Wurth\"><\/div><\/a><\/li><li style=\"height:150px;\"><a target=\"_blank\" href=\"http:\/\/vbh.pl\"><div class=\"helper\" style=\"height:150px; width:940px;\" ><img decoding=\"async\" src=\"https:\/\/stolan-okna.pl\/wp-content\/uploads\/2014\/02\/vbh-logo.jpg\" alt=\"VBH\" title=\"VBH\"><\/div><\/a><\/li><li style=\"height:150px;\"><a target=\"_blank\" href=\"http:\/\/inteliserwis.szczecin.pl\"><div class=\"helper\" style=\"height:150px; width:940px;\" ><img decoding=\"async\" src=\"https:\/\/stolan-okna.pl\/wp-content\/uploads\/2014\/02\/Logo_iNTELiSERWIS1.jpg\" alt=\"iNTELi SERWIS\" title=\"iNTELi SERWIS\"><\/div><\/a><\/li><li style=\"height:150px;\"><a target=\"_blank\" href=\"http:\/\/teknos.pl\"><div class=\"helper\" style=\"height:150px; width:940px;\" ><img decoding=\"async\" src=\"https:\/\/stolan-okna.pl\/wp-content\/uploads\/2014\/02\/teknos.jpg\" alt=\"Teknos\" title=\"Teknos\"><\/div><\/a><\/li><li style=\"height:150px;\"><a target=\"_blank\" href=\"http:\/\/simonswerk.de\"><div class=\"helper\" style=\"height:150px; width:940px;\" ><img decoding=\"async\" src=\"https:\/\/stolan-okna.pl\/wp-content\/uploads\/2014\/02\/Simonswerk_Logo_3.jpg\" alt=\"Simonswerk\" title=\"Simonswerk\"><\/div><\/a><\/li><li style=\"height:150px;\"><a target=\"_blank\" href=\"http:\/\/alabaster-mc.pl\"><div class=\"helper\" style=\"height:150px; width:940px;\" ><img decoding=\"async\" src=\"https:\/\/stolan-okna.pl\/wp-content\/uploads\/2014\/02\/Alabaster-logo-.jpg\" alt=\"Alabaster-Mc\" title=\"Alabaster-Mc\"><\/div><\/a><\/li><li style=\"height:150px;\"><a target=\"_blank\" href=\"http:\/\/ankerstuy.nl\/pl\/\"><div class=\"helper\" style=\"height:150px; width:940px;\" ><img decoding=\"async\" src=\"https:\/\/stolan-okna.pl\/wp-content\/uploads\/2014\/02\/anker-stuy-logo.jpg\" alt=\"Anker Stuy\" title=\"Anker Stuy\"><\/div><\/a><\/li><li style=\"height:150px;\"><a target=\"_blank\" href=\"http:\/\/coloron.pl\"><div class=\"helper\" style=\"height:150px; width:940px;\" ><img decoding=\"async\" src=\"https:\/\/stolan-okna.pl\/wp-content\/uploads\/2014\/02\/coloron.jpg\" alt=\"Coloron\" title=\"Coloron\"><\/div><\/a><\/li><li style=\"height:150px;\"><a target=\"_blank\" href=\"http:\/\/dekor-jan.com.pl\"><div class=\"helper\" style=\"height:150px; width:940px;\" ><img decoding=\"async\" src=\"https:\/\/stolan-okna.pl\/wp-content\/uploads\/2014\/02\/dekor-jan.jpg\" alt=\"Dekor-Jan\" title=\"Dekor-Jan\"><\/div><\/a><\/li><li style=\"height:150px;\"><a target=\"_blank\" href=\"http:\/\/dlh-poland.com\"><div class=\"helper\" style=\"height:150px; width:940px;\" ><img decoding=\"async\" src=\"https:\/\/stolan-okna.pl\/wp-content\/uploads\/2014\/02\/dlh_logo.jpg\" alt=\"DLH\" title=\"DLH\"><\/div><\/a><\/li><li style=\"height:150px;\"><a target=\"_blank\" href=\"http:\/\/hoppe.com\"><div class=\"helper\" style=\"height:150px; width:940px;\" ><img decoding=\"async\" src=\"https:\/\/stolan-okna.pl\/wp-content\/uploads\/2014\/02\/HOPPE-Logo.jpg\" alt=\"HOPPE\" title=\"HOPPE\"><\/div><\/a><\/li><li style=\"height:150px;\"><a target=\"_blank\" href=\"http:\/\/euro-lack.pl\"><div class=\"helper\" style=\"height:150px; width:940px;\" ><img decoding=\"async\" src=\"https:\/\/stolan-okna.pl\/wp-content\/uploads\/2014\/02\/logo_euro_lack_3.jpg\" alt=\"Euro Lack 3\" title=\"Euro Lack 3\"><\/div><\/a><\/li><li style=\"height:150px;\"><a target=\"_blank\" href=\"http:\/\/glowiczki.pl\"><div class=\"helper\" style=\"height:150px; width:940px;\" ><img decoding=\"async\" src=\"https:\/\/stolan-okna.pl\/wp-content\/uploads\/2014\/02\/kwasnycarvings_logo.jpg\" alt=\"Kwasnycarvings\" title=\"Kwasnycarvings\"><\/div><\/a><\/li><li style=\"height:150px;\"><a target=\"_blank\" href=\"http:\/\/spec-glas.pl\"><div class=\"helper\" style=\"height:150px; width:940px;\" ><img decoding=\"async\" src=\"https:\/\/stolan-okna.pl\/wp-content\/uploads\/2014\/02\/logo_spec-glas.jpg\" alt=\"Spec-Glas\" title=\"Spec-Glas\"><\/div><\/a><\/li><li style=\"height:150px;\"><a target=\"_blank\" href=\"http:\/\/roto.pl\"><div class=\"helper\" style=\"height:150px; width:940px;\" ><img decoding=\"async\" src=\"https:\/\/stolan-okna.pl\/wp-content\/uploads\/2014\/02\/roto_logo.jpg\" alt=\"Roto\" title=\"Roto\"><\/div><\/a><\/li><li style=\"height:150px;\"><a target=\"_blank\" href=\"http:\/\/sikkens.pl\"><div class=\"helper\" style=\"height:150px; width:940px;\" ><img decoding=\"async\" src=\"https:\/\/stolan-okna.pl\/wp-content\/uploads\/2014\/02\/sikkens_logo.jpg\" alt=\"Sikkens\" title=\"Sikkens\"><\/div><\/a><\/li><li style=\"height:150px;\"><a target=\"_blank\" href=\"http:\/\/siegenia.com\/pl\/\"><div class=\"helper\" style=\"height:150px; width:940px;\" ><img decoding=\"async\" src=\"https:\/\/stolan-okna.pl\/wp-content\/uploads\/2014\/02\/siegenia_aubi_logo.jpg\" alt=\"Siegenia Aubi\" title=\"Siegenia Aubi\"><\/div><\/a><\/li><\/ul><\/code><\/p>\n<\/div><\/div>\n","protected":false},"excerpt":{"rendered":"","protected":false},"author":1,"featured_media":0,"parent":0,"menu_order":0,"comment_status":"closed","ping_status":"closed","template":"","meta":{"footnotes":""},"class_list":["post-1449","page","type-page","status-publish","hentry"],"yoast_head":"<!-- This site is optimized with the Yoast SEO plugin v26.6 - https:\/\/yoast.com\/wordpress\/plugins\/seo\/ -->\n<title>Zusammenarbeit - Stolan<\/title>\n<meta name=\"description\" content=\"Zapraszamy do wsp\u00f3\u0142pracy firmy remontowo-budowlane, zajmuj\u0105ce si\u0119 renowacj\u0105 i konserwacj\u0105 zabytkowych budynk\u00f3w, biura projektowe, architekt\u00f3w i deweloper\u00f3w!\" \/>\n<meta name=\"robots\" content=\"index, follow, max-snippet:-1, max-image-preview:large, max-video-preview:-1\" \/>\n<link rel=\"canonical\" href=\"https:\/\/stolan-okna.pl\/wspolpraca\/\" \/>\n<meta property=\"og:locale\" content=\"de_DE\" \/>\n<meta property=\"og:type\" content=\"article\" \/>\n<meta property=\"og:title\" content=\"Zusammenarbeit - Stolan\" \/>\n<meta property=\"og:description\" content=\"Zapraszamy do wsp\u00f3\u0142pracy firmy remontowo-budowlane, zajmuj\u0105ce si\u0119 renowacj\u0105 i konserwacj\u0105 zabytkowych budynk\u00f3w, biura projektowe, architekt\u00f3w i deweloper\u00f3w!\" \/>\n<meta property=\"og:url\" content=\"https:\/\/stolan-okna.pl\/wspolpraca\/\" \/>\n<meta property=\"og:site_name\" content=\"Stolan\" \/>\n<meta property=\"article:modified_time\" content=\"2021-06-24T18:41:30+00:00\" \/>\n<meta name=\"twitter:label1\" content=\"Est. reading time\" \/>\n\t<meta name=\"twitter:data1\" content=\"1 minute\" \/>\n<script type=\"application\/ld+json\" class=\"yoast-schema-graph\">{\"@context\":\"https:\/\/schema.org\",\"@graph\":[{\"@type\":\"WebPage\",\"@id\":\"https:\/\/stolan-okna.pl\/wspolpraca\/\",\"url\":\"https:\/\/stolan-okna.pl\/wspolpraca\/\",\"name\":\"Zusammenarbeit - Stolan\",\"isPartOf\":{\"@id\":\"https:\/\/stolan-okna.pl\/#website\"},\"datePublished\":\"2015-02-06T09:13:55+00:00\",\"dateModified\":\"2021-06-24T18:41:30+00:00\",\"description\":\"Zapraszamy do wsp\u00f3\u0142pracy firmy remontowo-budowlane, zajmuj\u0105ce si\u0119 renowacj\u0105 i konserwacj\u0105 zabytkowych budynk\u00f3w, biura projektowe, architekt\u00f3w i deweloper\u00f3w!\",\"inLanguage\":\"de-DE\",\"potentialAction\":[{\"@type\":\"ReadAction\",\"target\":[\"https:\/\/stolan-okna.pl\/wspolpraca\/\"]}]},{\"@type\":\"WebSite\",\"@id\":\"https:\/\/stolan-okna.pl\/#website\",\"url\":\"https:\/\/stolan-okna.pl\/\",\"name\":\"Stolan\",\"description\":\"Kolejna witryna oparta na WordPressie\",\"publisher\":{\"@id\":\"https:\/\/stolan-okna.pl\/#organization\"},\"potentialAction\":[{\"@type\":\"SearchAction\",\"target\":{\"@type\":\"EntryPoint\",\"urlTemplate\":\"https:\/\/stolan-okna.pl\/?s={search_term_string}\"},\"query-input\":{\"@type\":\"PropertyValueSpecification\",\"valueRequired\":true,\"valueName\":\"search_term_string\"}}],\"inLanguage\":\"de-DE\"},{\"@type\":\"Organization\",\"@id\":\"https:\/\/stolan-okna.pl\/#organization\",\"name\":\"Stolan OKNA\",\"url\":\"https:\/\/stolan-okna.pl\/\",\"logo\":{\"@type\":\"ImageObject\",\"inLanguage\":\"de-DE\",\"@id\":\"https:\/\/stolan-okna.pl\/#\/schema\/logo\/image\/\",\"url\":\"http:\/\/stolan-okna.pl\/wp-content\/uploads\/2014\/01\/Logo_STOLAN.png\",\"contentUrl\":\"http:\/\/stolan-okna.pl\/wp-content\/uploads\/2014\/01\/Logo_STOLAN.png\",\"width\":882,\"height\":180,\"caption\":\"Stolan OKNA\"},\"image\":{\"@id\":\"https:\/\/stolan-okna.pl\/#\/schema\/logo\/image\/\"}}]}<\/script>\n<!-- \/ Yoast SEO plugin. -->","yoast_head_json":{"title":"Zusammenarbeit - Stolan","description":"Zapraszamy do wsp\u00f3\u0142pracy firmy remontowo-budowlane, zajmuj\u0105ce si\u0119 renowacj\u0105 i konserwacj\u0105 zabytkowych budynk\u00f3w, biura projektowe, architekt\u00f3w i deweloper\u00f3w!","robots":{"index":"index","follow":"follow","max-snippet":"max-snippet:-1","max-image-preview":"max-image-preview:large","max-video-preview":"max-video-preview:-1"},"canonical":"https:\/\/stolan-okna.pl\/wspolpraca\/","og_locale":"de_DE","og_type":"article","og_title":"Zusammenarbeit - Stolan","og_description":"Zapraszamy do wsp\u00f3\u0142pracy firmy remontowo-budowlane, zajmuj\u0105ce si\u0119 renowacj\u0105 i konserwacj\u0105 zabytkowych budynk\u00f3w, biura projektowe, architekt\u00f3w i deweloper\u00f3w!","og_url":"https:\/\/stolan-okna.pl\/wspolpraca\/","og_site_name":"Stolan","article_modified_time":"2021-06-24T18:41:30+00:00","twitter_misc":{"Est. reading time":"1 minute"},"schema":{"@context":"https:\/\/schema.org","@graph":[{"@type":"WebPage","@id":"https:\/\/stolan-okna.pl\/wspolpraca\/","url":"https:\/\/stolan-okna.pl\/wspolpraca\/","name":"Zusammenarbeit - Stolan","isPartOf":{"@id":"https:\/\/stolan-okna.pl\/#website"},"datePublished":"2015-02-06T09:13:55+00:00","dateModified":"2021-06-24T18:41:30+00:00","description":"Zapraszamy do wsp\u00f3\u0142pracy firmy remontowo-budowlane, zajmuj\u0105ce si\u0119 renowacj\u0105 i konserwacj\u0105 zabytkowych budynk\u00f3w, biura projektowe, architekt\u00f3w i deweloper\u00f3w!","inLanguage":"de-DE","potentialAction":[{"@type":"ReadAction","target":["https:\/\/stolan-okna.pl\/wspolpraca\/"]}]},{"@type":"WebSite","@id":"https:\/\/stolan-okna.pl\/#website","url":"https:\/\/stolan-okna.pl\/","name":"Stolan","description":"Kolejna witryna oparta na WordPressie","publisher":{"@id":"https:\/\/stolan-okna.pl\/#organization"},"potentialAction":[{"@type":"SearchAction","target":{"@type":"EntryPoint","urlTemplate":"https:\/\/stolan-okna.pl\/?s={search_term_string}"},"query-input":{"@type":"PropertyValueSpecification","valueRequired":true,"valueName":"search_term_string"}}],"inLanguage":"de-DE"},{"@type":"Organization","@id":"https:\/\/stolan-okna.pl\/#organization","name":"Stolan OKNA","url":"https:\/\/stolan-okna.pl\/","logo":{"@type":"ImageObject","inLanguage":"de-DE","@id":"https:\/\/stolan-okna.pl\/#\/schema\/logo\/image\/","url":"http:\/\/stolan-okna.pl\/wp-content\/uploads\/2014\/01\/Logo_STOLAN.png","contentUrl":"http:\/\/stolan-okna.pl\/wp-content\/uploads\/2014\/01\/Logo_STOLAN.png","width":882,"height":180,"caption":"Stolan OKNA"},"image":{"@id":"https:\/\/stolan-okna.pl\/#\/schema\/logo\/image\/"}}]}},"_links":{"self":[{"href":"https:\/\/stolan-okna.pl\/de\/wp-json\/wp\/v2\/pages\/1449","targetHints":{"allow":["GET"]}}],"collection":[{"href":"https:\/\/stolan-okna.pl\/de\/wp-json\/wp\/v2\/pages"}],"about":[{"href":"https:\/\/stolan-okna.pl\/de\/wp-json\/wp\/v2\/types\/page"}],"author":[{"embeddable":true,"href":"https:\/\/stolan-okna.pl\/de\/wp-json\/wp\/v2\/users\/1"}],"replies":[{"embeddable":true,"href":"https:\/\/stolan-okna.pl\/de\/wp-json\/wp\/v2\/comments?post=1449"}],"version-history":[{"count":0,"href":"https:\/\/stolan-okna.pl\/de\/wp-json\/wp\/v2\/pages\/1449\/revisions"}],"wp:attachment":[{"href":"https:\/\/stolan-okna.pl\/de\/wp-json\/wp\/v2\/media?parent=1449"}],"curies":[{"name":"wp","href":"https:\/\/api.w.org\/{rel}","templated":true}]}}