{"id":1562,"date":"2015-02-08T23:00:57","date_gmt":"2015-02-08T22:00:57","guid":{"rendered":"http:\/\/stolan-okna.pl\/oferta-2\/"},"modified":"2015-02-08T23:09:37","modified_gmt":"2015-02-08T22:09:37","slug":"angebot","status":"publish","type":"page","link":"https:\/\/stolan-okna.pl\/de\/angebot\/","title":{"rendered":"Angebot"},"content":{"rendered":"<div class=\"fusion-fullwidth fullwidth-box fusion-fullwidth-1  fusion-parallax-none nonhundred-percent-fullwidth\" style=\"border-color:#eae9e9;border-bottom-width: 0px;border-top-width: 0px;border-bottom-style: solid;border-top-style: solid;padding-bottom:20px;padding-top:20px;padding-left:0px;padding-right:0px;\"><style type=\"text\/css\" scoped=\"scoped\">.fusion-fullwidth-1 {\n                            padding-left: 0px !important;\n                            padding-right: 0px !important;\n                        }<\/style><div class=\"fusion-row\"><p style=\"text-align: justify;\">Das Hauptangebot der Firma Stolan sind Holzfenster und Holzt\u00fcren. Unsere Erzeugnisse werden aus vielen Holzgattungen unter anderem aus Kieferholz, Meranti, Sappeli, Eichenholz oder L\u00e4rchenholz hergestellt. Wir benutzen verschiedene Systeme. Dadurch wird die Palette der durch uns angebotenen Produkte sehr breit.\u00a0 Wir produzieren sowohl die Fenster, die sich durch modernes und \u00e4sthetisches Aussehen charakterisieren als auch nach dem Muster der alten Fenster gestaltet werden. Das Angebot von jeglichen untypischen Formen geh\u00f6rt bei uns zum Standard und stellt f\u00fcr uns kein Problem dar. Ausgezeichnete Qualit\u00e4t sowie Best\u00e4ndigkeit gegen die Verziehung der Fenster garantiert\u00a0 das dreischichtige Brettschichtholz, das zur entsprechenden Feuchtigkeit getrocknet wird.\u00a0 Zus\u00e4tzlich wird die Lebensdauer der Tischlerei durch Impr\u00e4gnierung und Grundierung verl\u00e4ngert. Wir verdanken die Lebensdauer des Fensters\u00a0 der Fertigstellung der Ganzheit mit \u00f6kologischen\u00a0 Farben der Firma Sikkens in der vollen Palette der\u00a0 RAL- oder NCS-Farben. Durch die Anwendung der Lackschicht und der Komponente von hoher Qualit\u00e4t, wird das Holz vor UV-Strahlen, Wasser, und auch vor Pilzen gesch\u00fctzt.\u00a0 Die Pflege solcher Holztischlerei ist sehr leicht und sie dauert nicht l\u00e4nger als ihre Reinigung.\u00a0 Jedes Fenster ist mit dem Paket des Einkammer- oder Zweikammer-Verbundglases\u00a0 ausgestattet, dessen Raum zwischen den Scheiben mit einer Gasmischung gef\u00fcllt ist<\/p>\n<p style=\"text-align: justify;\">Das Standardscheibenpaket hat w\u00e4rmed\u00e4mmende Eigenschaften mit dem Koeffizient der W\u00e4rmedurchdringung von\u00a0 U=1,1, den man noch durch das Hinzuf\u00fcgen der dritten Scheibe bis U=0,7, und auch durch die Anwendung eines anderen Gases \u2013 Kryptons bis U=0,5 erh\u00f6hen kann. Alle Arten der Fenster sind standardm\u00e4\u00dfig mit Beschlage der Firmen ROTO und Siegenia-Aubi ausgestattet.<\/p>\n<h2 style=\"text-align: justify;\"><span style=\"line-height: 1.5;\">UNTENSTEHEND UNSER REICHES ANGEBOT:<\/span><\/h2>\n<\/div><\/div>\n","protected":false},"excerpt":{"rendered":"","protected":false},"author":1,"featured_media":0,"parent":0,"menu_order":0,"comment_status":"closed","ping_status":"open","template":"portfolio-three-column-text.php","meta":{"footnotes":""},"class_list":["post-1562","page","type-page","status-publish","hentry"],"yoast_head":"<!-- This site is optimized with the Yoast SEO plugin v26.6 - https:\/\/yoast.com\/wordpress\/plugins\/seo\/ -->\n<title>Angebot - Stolan<\/title>\n<meta name=\"robots\" content=\"index, follow, max-snippet:-1, max-image-preview:large, max-video-preview:-1\" \/>\n<link rel=\"canonical\" href=\"https:\/\/stolan-okna.pl\/oferta\/\" \/>\n<meta property=\"og:locale\" content=\"de_DE\" \/>\n<meta property=\"og:type\" content=\"article\" \/>\n<meta property=\"og:title\" content=\"Angebot - Stolan\" \/>\n<meta property=\"og:url\" content=\"https:\/\/stolan-okna.pl\/oferta\/\" \/>\n<meta property=\"og:site_name\" content=\"Stolan\" \/>\n<meta property=\"article:modified_time\" content=\"2015-02-08T22:09:37+00:00\" \/>\n<meta name=\"twitter:label1\" content=\"Est. reading time\" \/>\n\t<meta name=\"twitter:data1\" content=\"2 minutes\" \/>\n<script type=\"application\/ld+json\" class=\"yoast-schema-graph\">{\"@context\":\"https:\/\/schema.org\",\"@graph\":[{\"@type\":\"WebPage\",\"@id\":\"https:\/\/stolan-okna.pl\/oferta\/\",\"url\":\"https:\/\/stolan-okna.pl\/oferta\/\",\"name\":\"Angebot - Stolan\",\"isPartOf\":{\"@id\":\"https:\/\/stolan-okna.pl\/#website\"},\"datePublished\":\"2015-02-08T22:00:57+00:00\",\"dateModified\":\"2015-02-08T22:09:37+00:00\",\"inLanguage\":\"de-DE\",\"potentialAction\":[{\"@type\":\"ReadAction\",\"target\":[\"https:\/\/stolan-okna.pl\/oferta\/\"]}]},{\"@type\":\"WebSite\",\"@id\":\"https:\/\/stolan-okna.pl\/#website\",\"url\":\"https:\/\/stolan-okna.pl\/\",\"name\":\"Stolan\",\"description\":\"Kolejna witryna oparta na WordPressie\",\"publisher\":{\"@id\":\"https:\/\/stolan-okna.pl\/#organization\"},\"potentialAction\":[{\"@type\":\"SearchAction\",\"target\":{\"@type\":\"EntryPoint\",\"urlTemplate\":\"https:\/\/stolan-okna.pl\/?s={search_term_string}\"},\"query-input\":{\"@type\":\"PropertyValueSpecification\",\"valueRequired\":true,\"valueName\":\"search_term_string\"}}],\"inLanguage\":\"de-DE\"},{\"@type\":\"Organization\",\"@id\":\"https:\/\/stolan-okna.pl\/#organization\",\"name\":\"Stolan OKNA\",\"url\":\"https:\/\/stolan-okna.pl\/\",\"logo\":{\"@type\":\"ImageObject\",\"inLanguage\":\"de-DE\",\"@id\":\"https:\/\/stolan-okna.pl\/#\/schema\/logo\/image\/\",\"url\":\"http:\/\/stolan-okna.pl\/wp-content\/uploads\/2014\/01\/Logo_STOLAN.png\",\"contentUrl\":\"http:\/\/stolan-okna.pl\/wp-content\/uploads\/2014\/01\/Logo_STOLAN.png\",\"width\":882,\"height\":180,\"caption\":\"Stolan OKNA\"},\"image\":{\"@id\":\"https:\/\/stolan-okna.pl\/#\/schema\/logo\/image\/\"}}]}<\/script>\n<!-- \/ Yoast SEO plugin. -->","yoast_head_json":{"title":"Angebot - Stolan","robots":{"index":"index","follow":"follow","max-snippet":"max-snippet:-1","max-image-preview":"max-image-preview:large","max-video-preview":"max-video-preview:-1"},"canonical":"https:\/\/stolan-okna.pl\/oferta\/","og_locale":"de_DE","og_type":"article","og_title":"Angebot - Stolan","og_url":"https:\/\/stolan-okna.pl\/oferta\/","og_site_name":"Stolan","article_modified_time":"2015-02-08T22:09:37+00:00","twitter_misc":{"Est. reading time":"2 minutes"},"schema":{"@context":"https:\/\/schema.org","@graph":[{"@type":"WebPage","@id":"https:\/\/stolan-okna.pl\/oferta\/","url":"https:\/\/stolan-okna.pl\/oferta\/","name":"Angebot - Stolan","isPartOf":{"@id":"https:\/\/stolan-okna.pl\/#website"},"datePublished":"2015-02-08T22:00:57+00:00","dateModified":"2015-02-08T22:09:37+00:00","inLanguage":"de-DE","potentialAction":[{"@type":"ReadAction","target":["https:\/\/stolan-okna.pl\/oferta\/"]}]},{"@type":"WebSite","@id":"https:\/\/stolan-okna.pl\/#website","url":"https:\/\/stolan-okna.pl\/","name":"Stolan","description":"Kolejna witryna oparta na WordPressie","publisher":{"@id":"https:\/\/stolan-okna.pl\/#organization"},"potentialAction":[{"@type":"SearchAction","target":{"@type":"EntryPoint","urlTemplate":"https:\/\/stolan-okna.pl\/?s={search_term_string}"},"query-input":{"@type":"PropertyValueSpecification","valueRequired":true,"valueName":"search_term_string"}}],"inLanguage":"de-DE"},{"@type":"Organization","@id":"https:\/\/stolan-okna.pl\/#organization","name":"Stolan OKNA","url":"https:\/\/stolan-okna.pl\/","logo":{"@type":"ImageObject","inLanguage":"de-DE","@id":"https:\/\/stolan-okna.pl\/#\/schema\/logo\/image\/","url":"http:\/\/stolan-okna.pl\/wp-content\/uploads\/2014\/01\/Logo_STOLAN.png","contentUrl":"http:\/\/stolan-okna.pl\/wp-content\/uploads\/2014\/01\/Logo_STOLAN.png","width":882,"height":180,"caption":"Stolan OKNA"},"image":{"@id":"https:\/\/stolan-okna.pl\/#\/schema\/logo\/image\/"}}]}},"_links":{"self":[{"href":"https:\/\/stolan-okna.pl\/de\/wp-json\/wp\/v2\/pages\/1562","targetHints":{"allow":["GET"]}}],"collection":[{"href":"https:\/\/stolan-okna.pl\/de\/wp-json\/wp\/v2\/pages"}],"about":[{"href":"https:\/\/stolan-okna.pl\/de\/wp-json\/wp\/v2\/types\/page"}],"author":[{"embeddable":true,"href":"https:\/\/stolan-okna.pl\/de\/wp-json\/wp\/v2\/users\/1"}],"replies":[{"embeddable":true,"href":"https:\/\/stolan-okna.pl\/de\/wp-json\/wp\/v2\/comments?post=1562"}],"version-history":[{"count":0,"href":"https:\/\/stolan-okna.pl\/de\/wp-json\/wp\/v2\/pages\/1562\/revisions"}],"wp:attachment":[{"href":"https:\/\/stolan-okna.pl\/de\/wp-json\/wp\/v2\/media?parent=1562"}],"curies":[{"name":"wp","href":"https:\/\/api.w.org\/{rel}","templated":true}]}}